{"id":3307,"date":"2025-07-23T14:56:01","date_gmt":"2025-07-23T07:56:01","guid":{"rendered":"https:\/\/onepack.casethemes.net\/?page_id=3307"},"modified":"2026-01-27T21:30:16","modified_gmt":"2026-01-27T21:30:16","slug":"faqs","status":"publish","type":"page","link":"https:\/\/domaineatlasia.com\/en\/faqs\/","title":{"rendered":"FAQs"},"content":{"rendered":"<div data-elementor-type=\"wp-page\" data-elementor-id=\"3307\" class=\"elementor elementor-3307\">\n\t\t\t\t<div class=\"elementor-element elementor-element-dc5a196 e-flex e-con-boxed pxl-row-scroll-none pxl-column-none pxl-full-content-with-space-none e-con e-parent\" data-id=\"dc5a196\" data-element_type=\"container\" data-e-type=\"container\" data-settings=\"{&quot;background_background&quot;:&quot;gradient&quot;}\">\t\t\t<div class=\"e-con-inner\">\r\n\t\t<div class=\"elementor-element elementor-element-d01b67d e-con-full e-flex pxl-row-scroll-none pxl-column-none pxl-full-content-with-space-none e-con e-child\" data-id=\"d01b67d\" data-element_type=\"container\" data-e-type=\"container\">\t\t<div class=\"elementor-element elementor-element-d275d3b elementor-widget elementor-widget-pxl_heading\" data-id=\"d275d3b\" data-element_type=\"widget\" data-e-type=\"widget\" data-widget_type=\"pxl_heading.default\">\n\t\t\t\t<div class=\"elementor-widget-container\">\n\t\t\t\t\t\n<div id=\"pxl-pxl_heading-d275d3b-2689\" class=\"pxl-heading px-sub-title-default-style\">\n\t<div class=\"pxl-heading--inner\">\n\t\t\n\t\t<h2 class=\"pxl-item--title style-default highlight-default pxl-split-text split-words-scale\" data-wow-delay=\"ms\">\n\t\t\t\t\tWhat You Need to Know Before Purchasing Your Villa\t\t\t<\/h2>\n\n\n\t\t\n\t<\/div>\n<\/div>\t\t\t\t<\/div>\n\t\t\t\t<\/div>\n\t\t<div class=\"elementor-element elementor-element-ea8f83d e-con-full e-flex pxl-row-scroll-none pxl-column-none pxl-full-content-with-space-none e-con e-child\" data-id=\"ea8f83d\" data-element_type=\"container\" data-e-type=\"container\">\t\t<div class=\"elementor-element elementor-element-811e6b7 elementor-widget elementor-widget-pxl_accordion\" data-id=\"811e6b7\" data-element_type=\"widget\" data-e-type=\"widget\" data-widget_type=\"pxl_accordion.default\">\n\t\t\t\t<div class=\"elementor-widget-container\">\n\t\t\t\t\t<div class=\"pxl-accordion pxl-accordion1 style1\" data-wow-delay=\"ms\">\r\n            <div class=\"pxl--item   active\">\r\n            <h5 class=\"pxl-accordion--title\" data-target=\"#pxl_accordion-811e6b7-7530-a237239\">\r\n                <div class=\"pxl-item--count\">\r\n                    01.                <\/div>\r\n                <span class=\"pxl-title--text\">Can non-residents buy a villa in Morocco?<\/span>\r\n                <svg width=\"14\" height=\"14\" viewbox=\"0 0 14 14\" fill=\"#B79B6F\" xmlns=\"http:\/\/www.w3.org\/2000\/svg\">\r\n                    <path d=\"M13.7188 6.40625C13.8594 6.40625 14 6.54688 14 6.6875V7.8125C14 7.98828 13.8594 8.09375 13.7188 8.09375H8.09375V13.7188C8.09375 13.8945 7.95312 14 7.8125 14H6.6875C6.51172 14 6.40625 13.8945 6.40625 13.7188V8.09375H0.78125C0.605469 8.09375 0.5 7.98828 0.5 7.8125V6.6875C0.5 6.54688 0.605469 6.40625 0.78125 6.40625H6.40625V0.78125C6.40625 0.640625 6.51172 0.5 6.6875 0.5H7.8125C7.95312 0.5 8.09375 0.640625 8.09375 0.78125V6.40625H13.7188Z\" \/>\r\n                <\/svg>\r\n            <\/h5>\r\n            <div id=\"pxl_accordion-811e6b7-7530-a237239\" class=\"pxl-accordion--content\" style=\"display: block;\">\r\n                <div class=\"pxl-item--content\">\r\n                                            <div class=\"pxl-item--image\">\r\n                                                    <\/div>\r\n                                        Yes. Foreign buyers can freely purchase real estate in Morocco. However, it is recommended to open a convertible bank account to facilitate fund transfers and ensure traceability in the event of a future resale.                <\/div>  \r\n            <\/div>\r\n        <\/div>\r\n            <div class=\"pxl--item\">\r\n            <h5 class=\"pxl-accordion--title\" data-target=\"#pxl_accordion-811e6b7-7530-abfec26\">\r\n                <div class=\"pxl-item--count\">\r\n                    02.                <\/div>\r\n                <span class=\"pxl-title--text\">Is it possible to obtain real estate financing as a foreigner?<\/span>\r\n                <svg width=\"14\" height=\"14\" viewbox=\"0 0 14 14\" fill=\"#B79B6F\" xmlns=\"http:\/\/www.w3.org\/2000\/svg\">\r\n                    <path d=\"M13.7188 6.40625C13.8594 6.40625 14 6.54688 14 6.6875V7.8125C14 7.98828 13.8594 8.09375 13.7188 8.09375H8.09375V13.7188C8.09375 13.8945 7.95312 14 7.8125 14H6.6875C6.51172 14 6.40625 13.8945 6.40625 13.7188V8.09375H0.78125C0.605469 8.09375 0.5 7.98828 0.5 7.8125V6.6875C0.5 6.54688 0.605469 6.40625 0.78125 6.40625H6.40625V0.78125C6.40625 0.640625 6.51172 0.5 6.6875 0.5H7.8125C7.95312 0.5 8.09375 0.640625 8.09375 0.78125V6.40625H13.7188Z\" \/>\r\n                <\/svg>\r\n            <\/h5>\r\n            <div id=\"pxl_accordion-811e6b7-7530-abfec26\" class=\"pxl-accordion--content\" >\r\n                <div class=\"pxl-item--content\">\r\n                                        Yes. Several Moroccan banks offer mortgage loans for non-residents under certain conditions. A personal down payment is generally required, and the terms vary depending on the buyer\u2019s profile and the nature of the project.                <\/div>  \r\n            <\/div>\r\n        <\/div>\r\n            <div class=\"pxl--item\">\r\n            <h5 class=\"pxl-accordion--title\" data-target=\"#pxl_accordion-811e6b7-7530-90b2332\">\r\n                <div class=\"pxl-item--count\">\r\n                    03.                <\/div>\r\n                <span class=\"pxl-title--text\">Is the involvement of a notary mandatory?<\/span>\r\n                <svg width=\"14\" height=\"14\" viewbox=\"0 0 14 14\" fill=\"#B79B6F\" xmlns=\"http:\/\/www.w3.org\/2000\/svg\">\r\n                    <path d=\"M13.7188 6.40625C13.8594 6.40625 14 6.54688 14 6.6875V7.8125C14 7.98828 13.8594 8.09375 13.7188 8.09375H8.09375V13.7188C8.09375 13.8945 7.95312 14 7.8125 14H6.6875C6.51172 14 6.40625 13.8945 6.40625 13.7188V8.09375H0.78125C0.605469 8.09375 0.5 7.98828 0.5 7.8125V6.6875C0.5 6.54688 0.605469 6.40625 0.78125 6.40625H6.40625V0.78125C6.40625 0.640625 6.51172 0.5 6.6875 0.5H7.8125C7.95312 0.5 8.09375 0.640625 8.09375 0.78125V6.40625H13.7188Z\" \/>\r\n                <\/svg>\r\n            <\/h5>\r\n            <div id=\"pxl_accordion-811e6b7-7530-90b2332\" class=\"pxl-accordion--content\" >\r\n                <div class=\"pxl-item--content\">\r\n                                            <div class=\"pxl-item--image\">\r\n                                                    <\/div>\r\n                                        Yes. The use of a certified notary is essential to validate the transaction, draft the deed of sale, and carry out its official registration. The notary also ensures the legal compliance of the property and the security of both parties.                <\/div>  \r\n            <\/div>\r\n        <\/div>\r\n            <div class=\"pxl--item\">\r\n            <h5 class=\"pxl-accordion--title\" data-target=\"#pxl_accordion-811e6b7-7530-c3f6d1b\">\r\n                <div class=\"pxl-item--count\">\r\n                    04.                <\/div>\r\n                <span class=\"pxl-title--text\">What additional fees should be anticipated when buying?<\/span>\r\n                <svg width=\"14\" height=\"14\" viewbox=\"0 0 14 14\" fill=\"#B79B6F\" xmlns=\"http:\/\/www.w3.org\/2000\/svg\">\r\n                    <path d=\"M13.7188 6.40625C13.8594 6.40625 14 6.54688 14 6.6875V7.8125C14 7.98828 13.8594 8.09375 13.7188 8.09375H8.09375V13.7188C8.09375 13.8945 7.95312 14 7.8125 14H6.6875C6.51172 14 6.40625 13.8945 6.40625 13.7188V8.09375H0.78125C0.605469 8.09375 0.5 7.98828 0.5 7.8125V6.6875C0.5 6.54688 0.605469 6.40625 0.78125 6.40625H6.40625V0.78125C6.40625 0.640625 6.51172 0.5 6.6875 0.5H7.8125C7.95312 0.5 8.09375 0.640625 8.09375 0.78125V6.40625H13.7188Z\" \/>\r\n                <\/svg>\r\n            <\/h5>\r\n            <div id=\"pxl_accordion-811e6b7-7530-c3f6d1b\" class=\"pxl-accordion--content\" >\r\n                <div class=\"pxl-item--content\">\r\n                                            <div class=\"pxl-item--image\">\r\n                                                    <\/div>\r\n                                        In addition to the price of the villa, approximately 6 to 8% of the total amount should be anticipated to cover notary fees, registration duties, and various taxes related to the transaction.                <\/div>  \r\n            <\/div>\r\n        <\/div>\r\n            <div class=\"pxl--item\">\r\n            <h5 class=\"pxl-accordion--title\" data-target=\"#pxl_accordion-811e6b7-7530-9ab6c8d\">\r\n                <div class=\"pxl-item--count\">\r\n                    05.                <\/div>\r\n                <span class=\"pxl-title--text\">Is there any specific taxation for foreign property owners?<\/span>\r\n                <svg width=\"14\" height=\"14\" viewbox=\"0 0 14 14\" fill=\"#B79B6F\" xmlns=\"http:\/\/www.w3.org\/2000\/svg\">\r\n                    <path d=\"M13.7188 6.40625C13.8594 6.40625 14 6.54688 14 6.6875V7.8125C14 7.98828 13.8594 8.09375 13.7188 8.09375H8.09375V13.7188C8.09375 13.8945 7.95312 14 7.8125 14H6.6875C6.51172 14 6.40625 13.8945 6.40625 13.7188V8.09375H0.78125C0.605469 8.09375 0.5 7.98828 0.5 7.8125V6.6875C0.5 6.54688 0.605469 6.40625 0.78125 6.40625H6.40625V0.78125C6.40625 0.640625 6.51172 0.5 6.6875 0.5H7.8125C7.95312 0.5 8.09375 0.640625 8.09375 0.78125V6.40625H13.7188Z\" \/>\r\n                <\/svg>\r\n            <\/h5>\r\n            <div id=\"pxl_accordion-811e6b7-7530-9ab6c8d\" class=\"pxl-accordion--content\" >\r\n                <div class=\"pxl-item--content\">\r\n                                            <div class=\"pxl-item--image\">\r\n                                                    <\/div>\r\n                                        Owners, whether residents or non-residents, are subject to the residence tax and property tax. In the case of renting out the property, income tax on rental earnings may also apply depending on the duration and nature of the rental.                <\/div>  \r\n            <\/div>\r\n        <\/div>\r\n    <\/div>\r\n\r\n\r\n\r\n\r\n\r\n\t\t\t\t<\/div>\n\t\t\t\t<\/div>\n\t\t\t\t<\/div>\r\n\t\t<div class=\"elementor-element elementor-element-d86bd36 e-con-full e-flex pxl-row-scroll-none pxl-column-none pxl-full-content-with-space-none e-con e-child\" data-id=\"d86bd36\" data-element_type=\"container\" data-e-type=\"container\">\t\t<div class=\"elementor-element elementor-element-84b921b elementor-widget elementor-widget-pxl_image\" data-id=\"84b921b\" data-element_type=\"widget\" data-e-type=\"widget\" data-widget_type=\"pxl_image.default\">\n\t\t\t\t<div class=\"elementor-widget-container\">\n\t\t\t\t\t<div id=\"pxl_image-84b921b-2057\" class=\"pxl-image-single     blinds_staggered\" data-wow-delay=\"300ms\"  >\r\n    <div class=\"pxl-item--inner\" data-wow-delay=\"120ms\">\r\n        \r\n                    <div class=\"pxl-item--image\" data-parallax-value=\"\">\r\n                                <img fetchpriority=\"high\" decoding=\"async\" width=\"2560\" height=\"1440\" src=\"https:\/\/domaineatlasia.com\/wp-content\/uploads\/2026\/01\/Cam05-copy-1.jpg\" class=\"no-lazyload attachment-full\" alt=\"\" \/>                            <\/div>\r\n                \r\n    <\/div>\r\n<\/div>\t\t\t\t<\/div>\n\t\t\t\t<\/div>\n\t\t\t\t<div class=\"elementor-element elementor-element-0fc226a elementor-widget elementor-widget-pxl_text_editor\" data-id=\"0fc226a\" data-element_type=\"widget\" data-e-type=\"widget\" data-widget_type=\"pxl_text_editor.default\">\n\t\t\t\t<div class=\"elementor-widget-container\">\n\t\t\t\t\t<div class=\"pxl-text-editor default\">\n\t<div class=\"pxl-item--inner\" data-wow-delay=\"ms\">\n\t\t<p>Need more details or information? We are here to answer all your questions. <a href=\"https:\/\/domaineatlasia.com\/en\/contact\/\">Contact us<\/a><\/p>\t\t\n\t<\/div>\n<\/div>\t\t\t\t<\/div>\n\t\t\t\t<\/div>\n\t\t\t\t<\/div>\r\n\t\t\t\t<\/div>\r\n\t\t\t\t\t<\/div>\r\n\t\t\t\t<\/div>\r\n\t\t\t\t<\/div>","protected":false},"excerpt":{"rendered":"<p>L\u2019essentiel \u00e0 savoir avant d\u2019acqu\u00e9rir votre villa 01. Les non-r\u00e9sidents peuvent-ils acheter une villa au Maroc ? Oui. Les acheteurs \u00e9trangers peuvent librement acqu\u00e9rir un bien immobilier au Maroc. Il est toutefois recommand\u00e9 d\u2019ouvrir un compte bancaire convertible, afin de faciliter les transferts de fonds et de garantir la tra\u00e7abilit\u00e9 lors d\u2019une revente \u00e9ventuelle. 02. [&hellip;]<\/p>\n","protected":false},"author":13,"featured_media":0,"parent":0,"menu_order":0,"comment_status":"closed","ping_status":"closed","template":"","meta":{"_acf_changed":false,"footnotes":""},"class_list":["post-3307","page","type-page","status-publish","hentry"],"acf":[],"_links":{"self":[{"href":"https:\/\/domaineatlasia.com\/en\/wp-json\/wp\/v2\/pages\/3307","targetHints":{"allow":["GET"]}}],"collection":[{"href":"https:\/\/domaineatlasia.com\/en\/wp-json\/wp\/v2\/pages"}],"about":[{"href":"https:\/\/domaineatlasia.com\/en\/wp-json\/wp\/v2\/types\/page"}],"author":[{"embeddable":true,"href":"https:\/\/domaineatlasia.com\/en\/wp-json\/wp\/v2\/users\/13"}],"replies":[{"embeddable":true,"href":"https:\/\/domaineatlasia.com\/en\/wp-json\/wp\/v2\/comments?post=3307"}],"version-history":[{"count":12,"href":"https:\/\/domaineatlasia.com\/en\/wp-json\/wp\/v2\/pages\/3307\/revisions"}],"predecessor-version":[{"id":9835,"href":"https:\/\/domaineatlasia.com\/en\/wp-json\/wp\/v2\/pages\/3307\/revisions\/9835"}],"wp:attachment":[{"href":"https:\/\/domaineatlasia.com\/en\/wp-json\/wp\/v2\/media?parent=3307"}],"curies":[{"name":"wp","href":"https:\/\/api.w.org\/{rel}","templated":true}]}}