{"id":3703,"date":"2025-07-25T15:04:45","date_gmt":"2025-07-25T08:04:45","guid":{"rendered":"https:\/\/onepack.casethemes.net\/?page_id=3703"},"modified":"2026-01-27T21:31:49","modified_gmt":"2026-01-27T21:31:49","slug":"contact","status":"publish","type":"page","link":"https:\/\/domaineatlasia.com\/en\/contact\/","title":{"rendered":"Contact"},"content":{"rendered":"\t\t<div data-elementor-type=\"wp-page\" data-elementor-id=\"3703\" class=\"elementor elementor-3703\">\n\t\t\t\t<div class=\"elementor-element elementor-element-b8aa3cc e-con-full e-flex pxl-row-scroll-none pxl-column-none pxl-full-content-with-space-none e-con e-parent \" data-id=\"b8aa3cc\" data-element_type=\"container\" data-e-type=\"container\">\t\t<div class=\"elementor-element elementor-element-cedc7b0 elementor-widget elementor-widget-html\" data-id=\"cedc7b0\" data-element_type=\"widget\" data-e-type=\"widget\" data-widget_type=\"html.default\">\n\t\t\t\t<div class=\"elementor-widget-container\">\n\t\t\t\t\t<div class=\"w-full\">\r\n    <!-- Main container with decorative border -->\r\n    <div class=\"relative md:p-12 lg:p-16\">\r\n\r\n        <!-- Content -->\r\n        <div class=\"py-8 md:py-12 lg:py-16 px-4 md:px-8 lg:px-12\">\r\n            <div class=\"max-w-7xl mx-auto\">\r\n                <!-- Title -->\r\n                <h1\r\n                    class=\"font-cormorant font-normal text-[#000] text-4xl md:text-5xl lg:text-6xl text-center mb-12 md:mb-16\">\r\n                    Contactez-nous\r\n                <\/h1>\r\n\r\n                <!-- Contact Cards -->\r\n                <div class=\"grid grid-cols-1 md:grid-cols-3 gap-6 mb-12 md:mb-16\">\r\n                    <!-- Phone Card -->\r\n                    <div\r\n                        class=\"border border-[#000] rounded-[8px] bg-white\/50 p-6 flex items-center gap-4 hover:border-[#000] transition-all duration-300\">\r\n                        <div class=\"flex-shrink-0\">\r\n                            <div\r\n                                class=\"w-14 h-14 border border-[#000] rounded-full flex items-center justify-center bg-transparent\">\r\n                                <svg class=\"w-6 h-6 text-[#000]\" fill=\"none\" stroke=\"currentColor\" viewBox=\"0 0 24 24\">\r\n                                    <path stroke-linecap=\"round\" stroke-linejoin=\"round\" stroke-width=\"1.5\"\r\n                                        d=\"M3 5a2 2 0 012-2h3.28a1 1 0 01.948.684l1.498 4.493a1 1 0 01-.502 1.21l-2.257 1.13a11.042 11.042 0 005.516 5.516l1.13-2.257a1 1 0 011.21-.502l4.493 1.498a1 1 0 01.684.949V19a2 2 0 01-2 2h-1C9.716 21 3 14.284 3 6V5z\" \/>\r\n                                <\/svg>\r\n                            <\/div>\r\n                        <\/div>\r\n                        <div class=\"flex-1\">\r\n                            <h3 class=\"font-lexend text-[#000] text-lg mb-1 font-semibold\">\r\n                                T\u00e9l\u00e9phone\r\n                            <\/h3>\r\n                            <p class=\"font-montserrat font-normal text-[#000] text-base\">\r\n                                +33 6 70 09 00 64\r\n                            <\/p>\r\n                        <\/div>\r\n                    <\/div>\r\n\r\n                    <!-- Address Card -->\r\n                    <div\r\n                        class=\"border border-[#000] rounded-[8px] bg-white\/50 p-6 flex items-center gap-4 hover:border-[#000] transition-all duration-300\">\r\n                        <div class=\"flex-shrink-0\">\r\n                            <div\r\n                                class=\"w-14 h-14 border border-[#000] rounded-full flex items-center justify-center bg-transparent\">\r\n                                <svg class=\"w-6 h-6 text-[#000]\" fill=\"none\" stroke=\"currentColor\" viewBox=\"0 0 24 24\">\r\n                                    <path stroke-linecap=\"round\" stroke-linejoin=\"round\" stroke-width=\"1.5\"\r\n                                        d=\"M17.657 16.657L13.414 20.9a1.998 1.998 0 01-2.827 0l-4.244-4.243a8 8 0 1111.314 0z\" \/>\r\n                                    <path stroke-linecap=\"round\" stroke-linejoin=\"round\" stroke-width=\"1.5\"\r\n                                        d=\"M15 11a3 3 0 11-6 0 3 3 0 016 0z\" \/>\r\n                                <\/svg>\r\n                            <\/div>\r\n                        <\/div>\r\n                        <div class=\"flex-1\">\r\n                            <h3 class=\"font-lexend text-[#000] text-lg mb-1 font-semibold\">\r\n                                Adresse\r\n                            <\/h3>\r\n                            <p class=\"font-montserrat font-normal text-[#000] text-base leading-relaxed\">\r\n                                Route de l'Ourika, Marrakech, Maroc\r\n                            <\/p>\r\n                        <\/div>\r\n                    <\/div>\r\n\r\n                    <!-- Email Card -->\r\n                    <div\r\n                        class=\"border border-[#000] rounded-[8px] bg-white\/50 p-6 flex items-center gap-4 hover:border-[#000] transition-all duration-300\">\r\n                        <div class=\"flex-shrink-0\">\r\n                            <div\r\n                                class=\"w-14 h-14 border border-[#000] rounded-full flex items-center justify-center bg-transparent\">\r\n                                <svg class=\"w-6 h-6 text-[#000]\" fill=\"none\" stroke=\"currentColor\" viewBox=\"0 0 24 24\">\r\n                                    <path stroke-linecap=\"round\" stroke-linejoin=\"round\" stroke-width=\"1.5\"\r\n                                        d=\"M3 8l7.89 5.26a2 2 0 002.22 0L21 8M5 19h14a2 2 0 002-2V7a2 2 0 00-2-2H5a2 2 0 00-2 2v10a2 2 0 002 2z\" \/>\r\n                                <\/svg>\r\n                            <\/div>\r\n                        <\/div>\r\n                        <div class=\"flex-1\">\r\n                            <h3 class=\"font-lexend text-[#000] text-lg mb-1 font-semibold\">\r\n                                Email\r\n                            <\/h3>\r\n                            <p class=\"font-montserrat font-normal text-[#000] text-base\">\r\n                                contact@domaineatlasia.com\r\n                            <\/p>\r\n                        <\/div>\r\n                    <\/div>\r\n                <\/div>\r\n\r\n                <!-- Description Text -->\r\n                <div class=\"max-w-3xl mx-auto text-center\">\r\n                    <p\r\n                        class=\"font-montserrat font-light text-[#000]\/60 text-sm md:text-base leading-relaxed tracking-wide\">\r\n                        Votre prochaine adresse commence ici.\r\n                        Partagez vos envies, nous vous aiderons \u00e0 donner forme \u00e0 votre vision du luxe et de la s\u00e9r\u00e9nit\u00e9\r\n                        \u00e0 Marrakech.\r\n                    <\/p>\r\n                <\/div>\r\n            <\/div>\r\n        <\/div>\r\n    <\/div>\r\n<\/div>\t\t\t\t<\/div>\n\t\t\t\t<\/div>\n\t\t\t\t<\/div>\r\n\t\t<div class=\"elementor-element elementor-element-ff092ca e-flex e-con-boxed pxl-row-scroll-none pxl-column-none pxl-full-content-with-space-none e-con e-parent \" data-id=\"ff092ca\" data-element_type=\"container\" data-e-type=\"container\" data-settings=\"{&quot;background_background&quot;:&quot;classic&quot;}\">\t\t\t<div class=\"e-con-inner\">\r\n\t\t<div class=\"elementor-element elementor-element-d4bc8a1 e-con-full e-flex pxl-row-scroll-none pxl-column-none pxl-full-content-with-space-none e-con e-child \" data-id=\"d4bc8a1\" data-element_type=\"container\" data-e-type=\"container\"><div class=\"elementor-element elementor-element-c581202 e-con-full e-flex pxl-row-scroll-none pxl-column-none pxl-full-content-with-space-none e-con e-child \" data-id=\"c581202\" data-element_type=\"container\" data-e-type=\"container\"><div class=\"elementor-element elementor-element-5e45db5 e-con-full e-flex pxl-row-scroll-none pxl-column-none pxl-full-content-with-space-none e-con e-child \" data-id=\"5e45db5\" data-element_type=\"container\" data-e-type=\"container\">\t\t<div class=\"elementor-element elementor-element-3651ba8 elementor-widget elementor-widget-pxl_image\" data-id=\"3651ba8\" data-element_type=\"widget\" data-e-type=\"widget\" data-widget_type=\"pxl_image.default\">\n\t\t\t\t<div class=\"elementor-widget-container\">\n\t\t\t\t\t<div id=\"pxl_image-3651ba8-2498\" class=\"pxl-image-single     \" data-wow-delay=\"ms\"  >\r\n    <div class=\"pxl-item--inner \" data-wow-delay=\"120ms\">\r\n        \r\n                    <div class=\"pxl-item--image \" data-parallax-value=\"\">\r\n                                <img fetchpriority=\"high\" decoding=\"async\" width=\"2560\" height=\"2551\" src=\"https:\/\/domaineatlasia.com\/wp-content\/uploads\/2026\/01\/13-scaled.jpg\" class=\"no-lazyload attachment-full\" alt=\"\" \/>                            <\/div>\r\n                \r\n    <\/div>\r\n<\/div>\t\t\t\t<\/div>\n\t\t\t\t<\/div>\n\t\t\t\t<\/div>\r\n\t\t<div class=\"elementor-element elementor-element-28dd543 e-con-full e-flex pxl-row-scroll-none pxl-column-none pxl-full-content-with-space-none e-con e-child \" data-id=\"28dd543\" data-element_type=\"container\" data-e-type=\"container\"><div class=\"elementor-element elementor-element-560842d e-con-full e-flex pxl-row-scroll-none pxl-column-none pxl-full-content-with-space-none e-con e-child \" data-id=\"560842d\" data-element_type=\"container\" data-e-type=\"container\">\t\t<div class=\"elementor-element elementor-element-a9e76ee elementor-widget elementor-widget-pxl_heading\" data-id=\"a9e76ee\" data-element_type=\"widget\" data-e-type=\"widget\" data-widget_type=\"pxl_heading.default\">\n\t\t\t\t<div class=\"elementor-widget-container\">\n\t\t\t\t\t\n<div id=\"pxl-pxl_heading-a9e76ee-7630\" class=\"pxl-heading px-sub-title-default-style \">\n\t<div class=\"pxl-heading--inner\">\n\t\t\t\t\t<div class=\"pxl-item--subtitle px-sub-title-default \" data-wow-delay=\"ms\">\n\t\t\t\t<span class=\"pxl-item--subtext\">\n\t\t\t\t\t\t\t\t\t\tContactez-nous\t\t\t\t<\/span>\n\t\t\t<\/div>\n\t\t\n\t\t<h2 class=\"pxl-item--title style-default highlight-default \" data-wow-delay=\"ms\">\n\t\t\t\t\tR\u00e9servez votre rendez-vous\t\t\t<\/h2>\n\n\n\t\t\n\t<\/div>\n<\/div>\t\t\t\t<\/div>\n\t\t\t\t<\/div>\n\t\t\t\t<\/div>\r\n\t\t\t\t<div class=\"elementor-element elementor-element-806f196 elementor-widget elementor-widget-pxl_contact_form\" data-id=\"806f196\" data-element_type=\"widget\" data-e-type=\"widget\" data-widget_type=\"pxl_contact_form.default\">\n\t\t\t\t<div class=\"elementor-widget-container\">\n\t\t\t\t\t    <div class=\"pxl-contact-form pxl-contact-form1 btn-w-auto \" data-wow-delay=\"ms\">\r\n            \n<div class=\"wpcf7 no-js\" id=\"wpcf7-f5-o1\" lang=\"en-US\" dir=\"ltr\" data-wpcf7-id=\"5\">\n<div class=\"screen-reader-response\"><p role=\"status\" aria-live=\"polite\" aria-atomic=\"true\"><\/p> <ul><\/ul><\/div>\n<form action=\"\/en\/wp-json\/wp\/v2\/pages\/3703#wpcf7-f5-o1\" method=\"post\" class=\"wpcf7-form init\" aria-label=\"Contact form\" novalidate=\"novalidate\" data-status=\"init\">\n<fieldset class=\"hidden-fields-container\"><input type=\"hidden\" name=\"_wpcf7\" value=\"5\" \/><input type=\"hidden\" name=\"_wpcf7_version\" value=\"6.1.5\" \/><input type=\"hidden\" name=\"_wpcf7_locale\" value=\"en_US\" \/><input type=\"hidden\" name=\"_wpcf7_unit_tag\" value=\"wpcf7-f5-o1\" \/><input type=\"hidden\" name=\"_wpcf7_container_post\" value=\"0\" \/><input type=\"hidden\" name=\"_wpcf7_posted_data_hash\" value=\"\" \/>\n<\/fieldset>\n<div class=\"pxl-contact-form-1\">\n\t<div class=\"pxl-col\">\n\t\t<div class=\"pxl-col1\">\n\t\t\t<div class=\"pxl-full-name\">\n\t\t\t\t<p><span class=\"wpcf7-form-control-wrap\" data-name=\"text-610\"><input size=\"40\" maxlength=\"400\" class=\"wpcf7-form-control wpcf7-text wpcf7-validates-as-required\" aria-required=\"true\" aria-invalid=\"false\" placeholder=\"Nom complet *\" value=\"\" type=\"text\" name=\"text-610\" \/><\/span><br \/>\n<i aria-hidden=\"true\" class=\"fas fa-user\"><\/i>\n\t\t\t\t<\/p>\n\t\t\t<\/div>\n\t\t\t<div class=\"pxl-email\">\n\t\t\t\t<p><span class=\"wpcf7-form-control-wrap\" data-name=\"email-81\"><input size=\"40\" maxlength=\"400\" class=\"wpcf7-form-control wpcf7-email wpcf7-validates-as-required wpcf7-text wpcf7-validates-as-email\" aria-required=\"true\" aria-invalid=\"false\" placeholder=\"Adresse email *\" value=\"\" type=\"email\" name=\"email-81\" \/><\/span><br \/>\n<svg height=\"20\" fill=\"#000\" viewBox=\"0 0 24 24\" width=\"20\" xmlns=\"http:\/\/www.w3.org\/2000\/svg\" id=\"fi_17140026\"><path d=\"m22 8.608v8.142c0 1.733-1.3565 3.1492-3.0656 3.2449l-.1844.0051h-13.5c-1.73303 0-3.14925-1.3565-3.24486-3.0656l-.00514-.1844v-8.142l9.652 5.0564c.218.1141.478.1141.696 0zm-16.75-4.608h13.5c1.6847 0 3.0701 1.28191 3.2338 2.92355l-9.9838 5.22975-9.98381-5.22975c.15767-1.58084 1.44813-2.8281 3.0479-2.91832l.18591-.00523h13.5z\" ><\/path><\/svg>\n\t\t\t\t<\/p>\n\t\t\t<\/div>\n\t\t<\/div>\n\t<\/div>\n\t<div class=\"pxl-message\">\n\t\t<p><span class=\"wpcf7-form-control-wrap\" data-name=\"textarea-555\"><textarea cols=\"40\" rows=\"10\" maxlength=\"2000\" class=\"wpcf7-form-control wpcf7-textarea wpcf7-validates-as-required\" aria-required=\"true\" aria-invalid=\"false\" placeholder=\"Votre message *\" name=\"textarea-555\"><\/textarea><\/span><br \/>\n<i aria-hidden=\"true\" class=\"fas fa-pen\"><\/i>\n\t\t<\/p>\n\t<\/div>\n\t<div class=\"contact-submit\">\n\t\t<p><button class=\"btn button-contact\" type=\"submit\" data-animation=\"pxl-xspin\"><br \/>\nEnvoyer<br \/>\n<\/button>\n\t\t<\/p>\n\t<\/div>\n<\/div><div class=\"wpcf7-response-output\" aria-hidden=\"true\"><\/div>\n<\/form>\n<\/div>\n    <div id=\"qrcode\" class=\"hide-qr\"><\/div>\r\n<\/div>\r\n\t\t\t\t<\/div>\n\t\t\t\t<\/div>\n\t\t\t\t<\/div>\r\n\t\t\t\t<\/div>\r\n\t\t\t\t<\/div>\r\n\t\t\t\t\t<\/div>\r\n\t\t\t\t<\/div>\r\n\t\t<div class=\"elementor-element elementor-element-a784995 e-con-full e-flex pxl-row-scroll-none pxl-column-none pxl-full-content-with-space-none e-con e-parent \" data-id=\"a784995\" data-element_type=\"container\" data-e-type=\"container\">\t\t<div class=\"elementor-element elementor-element-eec931f elementor-widget__width-inherit elementor-widget elementor-widget-image\" data-id=\"eec931f\" data-element_type=\"widget\" data-e-type=\"widget\" data-widget_type=\"image.default\">\n\t\t\t\t<div class=\"elementor-widget-container\">\n\t\t\t\t\t\t\t\t\t\t\t\t\t\t\t<img decoding=\"async\" width=\"2560\" height=\"1066\" src=\"https:\/\/domaineatlasia.com\/wp-content\/uploads\/2025\/11\/footer-bg.png\" class=\"attachment-full size-full wp-image-6624\" alt=\"\" srcset=\"https:\/\/domaineatlasia.com\/wp-content\/uploads\/2025\/11\/footer-bg.png 2560w, https:\/\/domaineatlasia.com\/wp-content\/uploads\/2025\/11\/footer-bg-300x125.png 300w, https:\/\/domaineatlasia.com\/wp-content\/uploads\/2025\/11\/footer-bg-1024x426.png 1024w, https:\/\/domaineatlasia.com\/wp-content\/uploads\/2025\/11\/footer-bg-768x320.png 768w, https:\/\/domaineatlasia.com\/wp-content\/uploads\/2025\/11\/footer-bg-1536x640.png 1536w, https:\/\/domaineatlasia.com\/wp-content\/uploads\/2025\/11\/footer-bg-2048x853.png 2048w, https:\/\/domaineatlasia.com\/wp-content\/uploads\/2025\/11\/footer-bg-1170x487.png 1170w\" sizes=\"(max-width: 2560px) 100vw, 2560px\" \/>\t\t\t\t\t\t\t\t\t\t\t\t\t\t\t<\/div>\n\t\t\t\t<\/div>\n\t\t\t\t<\/div>\r\n\t\t\t\t<\/div>\n\t\t","protected":false},"excerpt":{"rendered":"<p>Contactez-nous T\u00e9l\u00e9phone +33 6 70 09 00 64 Adresse Route de l&#8217;Ourika, Marrakech, Maroc Email contact@domaineatlasia.com Votre prochaine adresse commence ici. Partagez vos envies, nous vous aiderons \u00e0 donner forme \u00e0 votre vision du luxe et de la s\u00e9r\u00e9nit\u00e9 \u00e0 Marrakech. Contactez-nous R\u00e9servez votre rendez-vous Envoyer<\/p>","protected":false},"author":13,"featured_media":0,"parent":0,"menu_order":0,"comment_status":"closed","ping_status":"closed","template":"","meta":{"_acf_changed":false,"footnotes":""},"class_list":["post-3703","page","type-page","status-publish","hentry"],"acf":[],"_links":{"self":[{"href":"https:\/\/domaineatlasia.com\/en\/wp-json\/wp\/v2\/pages\/3703","targetHints":{"allow":["GET"]}}],"collection":[{"href":"https:\/\/domaineatlasia.com\/en\/wp-json\/wp\/v2\/pages"}],"about":[{"href":"https:\/\/domaineatlasia.com\/en\/wp-json\/wp\/v2\/types\/page"}],"author":[{"embeddable":true,"href":"https:\/\/domaineatlasia.com\/en\/wp-json\/wp\/v2\/users\/13"}],"replies":[{"embeddable":true,"href":"https:\/\/domaineatlasia.com\/en\/wp-json\/wp\/v2\/comments?post=3703"}],"version-history":[{"count":12,"href":"https:\/\/domaineatlasia.com\/en\/wp-json\/wp\/v2\/pages\/3703\/revisions"}],"predecessor-version":[{"id":9841,"href":"https:\/\/domaineatlasia.com\/en\/wp-json\/wp\/v2\/pages\/3703\/revisions\/9841"}],"wp:attachment":[{"href":"https:\/\/domaineatlasia.com\/en\/wp-json\/wp\/v2\/media?parent=3703"}],"curies":[{"name":"wp","href":"https:\/\/api.w.org\/{rel}","templated":true}]}}