{"id":3709,"date":"2025-07-25T15:22:03","date_gmt":"2025-07-25T08:22:03","guid":{"rendered":"https:\/\/onepack.casethemes.net\/?page_id=3709"},"modified":"2026-01-27T21:31:01","modified_gmt":"2026-01-27T21:31:01","slug":"blog","status":"publish","type":"page","link":"https:\/\/domaineatlasia.com\/en\/blog\/","title":{"rendered":"Blog"},"content":{"rendered":"\t\t<div data-elementor-type=\"wp-page\" data-elementor-id=\"3709\" class=\"elementor elementor-3709\">\n\t\t\t\t<div class=\"elementor-element elementor-element-9ac60eb e-flex e-con-boxed pxl-row-scroll-none pxl-column-none pxl-full-content-with-space-none e-con e-parent \" data-id=\"9ac60eb\" data-element_type=\"container\" data-e-type=\"container\">\t\t\t<div class=\"e-con-inner\">\r\n\t\t<div class=\"elementor-element elementor-element-ad4c701 e-con-full e-flex pxl-row-scroll-none pxl-column-none pxl-full-content-with-space-none e-con e-child \" data-id=\"ad4c701\" data-element_type=\"container\" data-e-type=\"container\">\t\t<div class=\"elementor-element elementor-element-9db63c9 pxl-post-layout-post-1 elementor-widget elementor-widget-pxl_post_grid\" data-id=\"9db63c9\" data-element_type=\"widget\" data-e-type=\"widget\" data-widget_type=\"pxl_post_grid.default\">\n\t\t\t\t<div class=\"elementor-widget-container\">\n\t\t\t\t\t\n<div id=\"pxl_post_grid-9db63c9-8805\" class=\"pxl-grid pxl-blog-grid pxl-blog-grid-layout1 pxl-blog-style1\" data-start-page=\"1\" data-max-pages=\"1\" data-total=\"5\" data-perpage=\"12\" data-next-link=\"\" data-loadmore=\"{&quot;tax&quot;:[&quot;category&quot;],&quot;post_type&quot;:&quot;post&quot;,&quot;layout&quot;:&quot;post-1&quot;,&quot;startPage&quot;:1,&quot;maxPages&quot;:1,&quot;total&quot;:5,&quot;filter&quot;:&quot;false&quot;,&quot;filter_type&quot;:&quot;normal&quot;,&quot;perpage&quot;:12,&quot;nextLink&quot;:&quot;&quot;,&quot;source&quot;:&quot;&quot;,&quot;orderby&quot;:&quot;date&quot;,&quot;order&quot;:&quot;desc&quot;,&quot;limit&quot;:12,&quot;post_ids&quot;:[],&quot;col_xl&quot;:2,&quot;col_lg&quot;:4,&quot;col_md&quot;:6,&quot;col_sm&quot;:12,&quot;col_xs&quot;:12,&quot;pagination_type&quot;:&quot;pagination&quot;,&quot;show_date&quot;:&quot;true&quot;,&quot;show_social&quot;:&quot;false&quot;,&quot;show_category&quot;:&quot;true&quot;,&quot;show_comment&quot;:&quot;true&quot;,&quot;show_author&quot;:&quot;true&quot;,&quot;num_words&quot;:25,&quot;show_button&quot;:&quot;true&quot;,&quot;show_excerpt&quot;:&quot;true&quot;,&quot;button_text&quot;:&quot;Lire plus&quot;,&quot;img_size&quot;:&quot;&quot;,&quot;grid_masonry&quot;:[{&quot;col_xl_m&quot;:&quot;2&quot;,&quot;img_size_m&quot;:&quot;624x438&quot;,&quot;_id&quot;:&quot;93be110&quot;,&quot;col_xs_m&quot;:&quot;1&quot;,&quot;col_sm_m&quot;:&quot;2&quot;,&quot;col_md_m&quot;:&quot;2&quot;,&quot;col_lg_m&quot;:&quot;3&quot;},{&quot;col_xl_m&quot;:&quot;2&quot;,&quot;img_size_m&quot;:&quot;624x438&quot;,&quot;_id&quot;:&quot;2f0409d&quot;,&quot;col_xs_m&quot;:&quot;1&quot;,&quot;col_sm_m&quot;:&quot;2&quot;,&quot;col_md_m&quot;:&quot;2&quot;,&quot;col_lg_m&quot;:&quot;3&quot;},{&quot;img_size_m&quot;:&quot;405x284&quot;,&quot;_id&quot;:&quot;49f6cd7&quot;,&quot;col_xs_m&quot;:&quot;1&quot;,&quot;col_sm_m&quot;:&quot;2&quot;,&quot;col_md_m&quot;:&quot;2&quot;,&quot;col_lg_m&quot;:&quot;3&quot;,&quot;col_xl_m&quot;:&quot;3&quot;},{&quot;img_size_m&quot;:&quot;405x284&quot;,&quot;_id&quot;:&quot;d465597&quot;,&quot;col_xs_m&quot;:&quot;1&quot;,&quot;col_sm_m&quot;:&quot;2&quot;,&quot;col_md_m&quot;:&quot;2&quot;,&quot;col_lg_m&quot;:&quot;3&quot;,&quot;col_xl_m&quot;:&quot;3&quot;},{&quot;img_size_m&quot;:&quot;624x438&quot;,&quot;_id&quot;:&quot;74450cf&quot;,&quot;col_xs_m&quot;:&quot;1&quot;,&quot;col_sm_m&quot;:&quot;2&quot;,&quot;col_md_m&quot;:&quot;2&quot;,&quot;col_lg_m&quot;:&quot;3&quot;,&quot;col_xl_m&quot;:&quot;3&quot;},{&quot;_id&quot;:&quot;8d346f9&quot;,&quot;col_xl_m&quot;:&quot;2&quot;,&quot;img_size_m&quot;:&quot;624x438&quot;,&quot;col_xs_m&quot;:&quot;1&quot;,&quot;col_sm_m&quot;:&quot;2&quot;,&quot;col_md_m&quot;:&quot;2&quot;,&quot;col_lg_m&quot;:&quot;3&quot;},{&quot;col_xl_m&quot;:&quot;2&quot;,&quot;img_size_m&quot;:&quot;624x438&quot;,&quot;_id&quot;:&quot;2e0d0b6&quot;,&quot;col_xs_m&quot;:&quot;1&quot;,&quot;col_sm_m&quot;:&quot;2&quot;,&quot;col_md_m&quot;:&quot;2&quot;,&quot;col_lg_m&quot;:&quot;3&quot;},{&quot;img_size_m&quot;:&quot;405x284&quot;,&quot;_id&quot;:&quot;71f53ca&quot;,&quot;col_xs_m&quot;:&quot;1&quot;,&quot;col_sm_m&quot;:&quot;2&quot;,&quot;col_md_m&quot;:&quot;2&quot;,&quot;col_lg_m&quot;:&quot;3&quot;,&quot;col_xl_m&quot;:&quot;3&quot;},{&quot;img_size_m&quot;:&quot;405x284&quot;,&quot;_id&quot;:&quot;2119838&quot;,&quot;col_xs_m&quot;:&quot;1&quot;,&quot;col_sm_m&quot;:&quot;2&quot;,&quot;col_md_m&quot;:&quot;2&quot;,&quot;col_lg_m&quot;:&quot;3&quot;,&quot;col_xl_m&quot;:&quot;3&quot;},{&quot;img_size_m&quot;:&quot;405x284&quot;,&quot;_id&quot;:&quot;8d82be9&quot;,&quot;col_xs_m&quot;:&quot;1&quot;,&quot;col_sm_m&quot;:&quot;2&quot;,&quot;col_md_m&quot;:&quot;2&quot;,&quot;col_lg_m&quot;:&quot;3&quot;,&quot;col_xl_m&quot;:&quot;3&quot;},{&quot;col_xl_m&quot;:&quot;2&quot;,&quot;img_size_m&quot;:&quot;624x438&quot;,&quot;_id&quot;:&quot;88eddd3&quot;,&quot;col_xs_m&quot;:&quot;1&quot;,&quot;col_sm_m&quot;:&quot;2&quot;,&quot;col_md_m&quot;:&quot;2&quot;,&quot;col_lg_m&quot;:&quot;3&quot;},{&quot;col_xl_m&quot;:&quot;2&quot;,&quot;img_size_m&quot;:&quot;624x438&quot;,&quot;_id&quot;:&quot;cc53714&quot;,&quot;col_xs_m&quot;:&quot;1&quot;,&quot;col_sm_m&quot;:&quot;2&quot;,&quot;col_md_m&quot;:&quot;2&quot;,&quot;col_lg_m&quot;:&quot;3&quot;}],&quot;pxl_animate&quot;:&quot;&quot;}\" data-layout=\"masonry\">\n    \n    <div class=\"pxl-grid-inner pxl-grid-masonry row\" data-gutter=\"15\">\n        <div class=\"grid-sizer col-xl-2 col-lg-4 col-md-6 col-sm-12 col-12\"><\/div>\n                    <div class=\"pxl-grid-item col-xl-6 col-lg-4 col-md-6 col-sm-6 col-12 blog tendances-sorties\">\n                <div class=\"pxl-post--inner  wow\" data-wow-duration=\"1.2s\">\n                                        <div class=\"pxl-post--featured hover-imge-effect2\">\n                        <a href=\"https:\/\/domaineatlasia.com\/en\/les-10-meilleurs-restaurants-ambiances-a-marrakech-la-ou-la-ville-vibre-vraiment\/\">\n                            <img fetchpriority=\"high\" decoding=\"async\" class=\"\" src=\"https:\/\/domaineatlasia.com\/wp-content\/uploads\/2025\/12\/finedining-scaled-1048x676.jpg\" width=\"1048\" height=\"676\" alt=\"finedining\" title=\"finedining\" \/>                        <\/a>\n                    <\/div>\n                                <div class=\"pxl-post--container\">\n                    <div class=\"pxl-post--meta pxl-flex-middle\">\n                                                    <div class=\"pxl-post--category d-flex\">\n                                <a href=\"https:\/\/domaineatlasia.com\/en\/category\/blog\/\" rel=\"tag\">Blog<\/a><a href=\"https:\/\/domaineatlasia.com\/en\/category\/tendances-sorties\/\" rel=\"tag\">Tendances &amp; sorties<\/a>                            <\/div>\n                                                                            <span class=\"post-date\">\n                                Dec 11, 2025                            <\/span>\n                                            <\/div>\n                    <h5 class=\"pxl-post--title \">\n                        <a href=\"https:\/\/domaineatlasia.com\/en\/les-10-meilleurs-restaurants-ambiances-a-marrakech-la-ou-la-ville-vibre-vraiment\/\">\n                            Les 10 meilleurs restaurants ambianc\u00e9s \u00e0 Marrakech : l\u00e0 o\u00f9 la ville vibre vraiment                        <\/a>\n                    <\/h5>\n                <\/div>\n                                    <div class=\"pxl-post--button\">\n                        <a class=\"btn--readmore\" href=\"https:\/\/domaineatlasia.com\/en\/les-10-meilleurs-restaurants-ambiances-a-marrakech-la-ou-la-ville-vibre-vraiment\/\">\n                            <span>Lire plus<\/span>\n                        <\/a>\n                    <\/div>\n                            <\/div>\n        <\/div>\n                    <div class=\"pxl-grid-item col-xl-6 col-lg-4 col-md-6 col-sm-6 col-12 blog\">\n                <div class=\"pxl-post--inner  wow\" data-wow-duration=\"1.2s\">\n                                        <div class=\"pxl-post--featured hover-imge-effect2\">\n                        <a href=\"https:\/\/domaineatlasia.com\/en\/entre-terre-rouge-et-montagnes-bleutees-le-charme-unique-de-latlas\/\">\n                            <img decoding=\"async\" class=\"\" src=\"https:\/\/domaineatlasia.com\/wp-content\/uploads\/2025\/07\/Blog3_2-1048x676.jpg\" width=\"1048\" height=\"676\" alt=\"Blog3_2\" title=\"Blog3_2\" \/>                        <\/a>\n                    <\/div>\n                                <div class=\"pxl-post--container\">\n                    <div class=\"pxl-post--meta pxl-flex-middle\">\n                                                    <div class=\"pxl-post--category d-flex\">\n                                <a href=\"https:\/\/domaineatlasia.com\/en\/category\/blog\/\" rel=\"tag\">Blog<\/a>                            <\/div>\n                                                                            <span class=\"post-date\">\n                                Jul 29, 2025                            <\/span>\n                                            <\/div>\n                    <h5 class=\"pxl-post--title \">\n                        <a href=\"https:\/\/domaineatlasia.com\/en\/entre-terre-rouge-et-montagnes-bleutees-le-charme-unique-de-latlas\/\">\n                            Entre terre rouge et montagnes bleut\u00e9es : le charme unique de l\u2019Atlas                        <\/a>\n                    <\/h5>\n                <\/div>\n                                    <div class=\"pxl-post--button\">\n                        <a class=\"btn--readmore\" href=\"https:\/\/domaineatlasia.com\/en\/entre-terre-rouge-et-montagnes-bleutees-le-charme-unique-de-latlas\/\">\n                            <span>Lire plus<\/span>\n                        <\/a>\n                    <\/div>\n                            <\/div>\n        <\/div>\n                    <div class=\"pxl-grid-item col-xl-4 col-lg-4 col-md-6 col-sm-6 col-12 blog tendances-sorties\">\n                <div class=\"pxl-post--inner  wow\" data-wow-duration=\"1.2s\">\n                                        <div class=\"pxl-post--featured hover-imge-effect2\">\n                        <a href=\"https:\/\/domaineatlasia.com\/en\/les-meilleures-experiences-a-vivre-sur-la-route-de-lourika\/\">\n                            <img decoding=\"async\" class=\"\" src=\"https:\/\/domaineatlasia.com\/wp-content\/uploads\/2025\/07\/Blog4-1048x676.jpg\" width=\"1048\" height=\"676\" alt=\"Blog4\" title=\"Blog4\" \/>                        <\/a>\n                    <\/div>\n                                <div class=\"pxl-post--container\">\n                    <div class=\"pxl-post--meta pxl-flex-middle\">\n                                                    <div class=\"pxl-post--category d-flex\">\n                                <a href=\"https:\/\/domaineatlasia.com\/en\/category\/blog\/\" rel=\"tag\">Blog<\/a><a href=\"https:\/\/domaineatlasia.com\/en\/category\/tendances-sorties\/\" rel=\"tag\">Tendances &amp; sorties<\/a>                            <\/div>\n                                                                            <span class=\"post-date\">\n                                Jul 29, 2025                            <\/span>\n                                            <\/div>\n                    <h5 class=\"pxl-post--title \">\n                        <a href=\"https:\/\/domaineatlasia.com\/en\/les-meilleures-experiences-a-vivre-sur-la-route-de-lourika\/\">\n                            Les meilleures exp\u00e9riences \u00e0 vivre sur la route de l\u2019Ourika                        <\/a>\n                    <\/h5>\n                <\/div>\n                                    <div class=\"pxl-post--button\">\n                        <a class=\"btn--readmore\" href=\"https:\/\/domaineatlasia.com\/en\/les-meilleures-experiences-a-vivre-sur-la-route-de-lourika\/\">\n                            <span>Lire plus<\/span>\n                        <\/a>\n                    <\/div>\n                            <\/div>\n        <\/div>\n                    <div class=\"pxl-grid-item col-xl-4 col-lg-4 col-md-6 col-sm-6 col-12 blog\">\n                <div class=\"pxl-post--inner  wow\" data-wow-duration=\"1.2s\">\n                                        <div class=\"pxl-post--featured hover-imge-effect2\">\n                        <a href=\"https:\/\/domaineatlasia.com\/en\/immobilier-au-maroc-lelan-de-la-coupe-du-monde-2030\/\">\n                            <img loading=\"lazy\" decoding=\"async\" class=\"\" src=\"https:\/\/domaineatlasia.com\/wp-content\/uploads\/2025\/07\/Blog5-1048x676.jpg\" width=\"1048\" height=\"676\" alt=\"Blog5\" title=\"Blog5\" \/>                        <\/a>\n                    <\/div>\n                                <div class=\"pxl-post--container\">\n                    <div class=\"pxl-post--meta pxl-flex-middle\">\n                                                    <div class=\"pxl-post--category d-flex\">\n                                <a href=\"https:\/\/domaineatlasia.com\/en\/category\/blog\/\" rel=\"tag\">Blog<\/a>                            <\/div>\n                                                                            <span class=\"post-date\">\n                                Jul 29, 2025                            <\/span>\n                                            <\/div>\n                    <h5 class=\"pxl-post--title \">\n                        <a href=\"https:\/\/domaineatlasia.com\/en\/immobilier-au-maroc-lelan-de-la-coupe-du-monde-2030\/\">\n                            Immobilier au Maroc : l\u2019\u00e9lan de la Coupe du Monde 2030                        <\/a>\n                    <\/h5>\n                <\/div>\n                                    <div class=\"pxl-post--button\">\n                        <a class=\"btn--readmore\" href=\"https:\/\/domaineatlasia.com\/en\/immobilier-au-maroc-lelan-de-la-coupe-du-monde-2030\/\">\n                            <span>Lire plus<\/span>\n                        <\/a>\n                    <\/div>\n                            <\/div>\n        <\/div>\n                    <div class=\"pxl-grid-item col-xl-4 col-lg-4 col-md-6 col-sm-6 col-12 blog\">\n                <div class=\"pxl-post--inner  wow\" data-wow-duration=\"1.2s\">\n                                        <div class=\"pxl-post--featured hover-imge-effect2\">\n                        <a href=\"https:\/\/domaineatlasia.com\/en\/villas-de-prestige-un-placement-davenir-au-maroc\/\">\n                            <img loading=\"lazy\" decoding=\"async\" class=\"\" src=\"https:\/\/domaineatlasia.com\/wp-content\/uploads\/2026\/01\/Cam07-copy-2-1048x676.jpg\" width=\"1048\" height=\"676\" alt=\"Cam07 copy 2\" title=\"Cam07 copy 2\" \/>                        <\/a>\n                    <\/div>\n                                <div class=\"pxl-post--container\">\n                    <div class=\"pxl-post--meta pxl-flex-middle\">\n                                                    <div class=\"pxl-post--category d-flex\">\n                                <a href=\"https:\/\/domaineatlasia.com\/en\/category\/blog\/\" rel=\"tag\">Blog<\/a>                            <\/div>\n                                                                            <span class=\"post-date\">\n                                Jul 28, 2025                            <\/span>\n                                            <\/div>\n                    <h5 class=\"pxl-post--title \">\n                        <a href=\"https:\/\/domaineatlasia.com\/en\/villas-de-prestige-un-placement-davenir-au-maroc\/\">\n                            Villas de prestige : un placement d\u2019avenir au maroc                        <\/a>\n                    <\/h5>\n                <\/div>\n                                    <div class=\"pxl-post--button\">\n                        <a class=\"btn--readmore\" href=\"https:\/\/domaineatlasia.com\/en\/villas-de-prestige-un-placement-davenir-au-maroc\/\">\n                            <span>Lire plus<\/span>\n                        <\/a>\n                    <\/div>\n                            <\/div>\n        <\/div>\n            <\/div>\n            <div class=\"pxl-grid-pagination\">\n                    <\/div>\n        <\/div>\t\t\t\t<\/div>\n\t\t\t\t<\/div>\n\t\t\t\t<\/div>\r\n\t\t\t\t\t<\/div>\r\n\t\t\t\t<\/div>\r\n\t\t<div class=\"elementor-element elementor-element-6947f84 e-con-full e-flex pxl-row-scroll-none pxl-column-none pxl-full-content-with-space-none e-con e-parent \" data-id=\"6947f84\" data-element_type=\"container\" data-e-type=\"container\">\t\t<div class=\"elementor-element elementor-element-13ecf5e elementor-widget__width-inherit elementor-widget elementor-widget-image\" data-id=\"13ecf5e\" data-element_type=\"widget\" data-e-type=\"widget\" data-widget_type=\"image.default\">\n\t\t\t\t<div class=\"elementor-widget-container\">\n\t\t\t\t\t\t\t\t\t\t\t\t\t\t\t<img loading=\"lazy\" decoding=\"async\" width=\"2560\" height=\"1066\" src=\"https:\/\/domaineatlasia.com\/wp-content\/uploads\/2025\/11\/footer-bg.png\" class=\"attachment-full size-full wp-image-6624\" alt=\"\" srcset=\"https:\/\/domaineatlasia.com\/wp-content\/uploads\/2025\/11\/footer-bg.png 2560w, https:\/\/domaineatlasia.com\/wp-content\/uploads\/2025\/11\/footer-bg-300x125.png 300w, https:\/\/domaineatlasia.com\/wp-content\/uploads\/2025\/11\/footer-bg-1024x426.png 1024w, https:\/\/domaineatlasia.com\/wp-content\/uploads\/2025\/11\/footer-bg-768x320.png 768w, https:\/\/domaineatlasia.com\/wp-content\/uploads\/2025\/11\/footer-bg-1536x640.png 1536w, https:\/\/domaineatlasia.com\/wp-content\/uploads\/2025\/11\/footer-bg-2048x853.png 2048w, https:\/\/domaineatlasia.com\/wp-content\/uploads\/2025\/11\/footer-bg-1170x487.png 1170w\" sizes=\"(max-width: 2560px) 100vw, 2560px\" \/>\t\t\t\t\t\t\t\t\t\t\t\t\t\t\t<\/div>\n\t\t\t\t<\/div>\n\t\t\t\t<\/div>\r\n\t\t\t\t<\/div>\n\t\t","protected":false},"excerpt":{"rendered":"<p>BlogTendances &amp; sorties Dec 11, 2025 Les 10 meilleurs restaurants ambianc\u00e9s \u00e0 Marrakech : l\u00e0 o\u00f9 la ville vibre vraiment Lire plus Blog Jul 29, 2025 Entre terre rouge et montagnes bleut\u00e9es : le charme unique de l\u2019Atlas Lire plus BlogTendances &amp; sorties Jul 29, 2025 Les meilleures exp\u00e9riences \u00e0 vivre sur la route de [&hellip;]<\/p>\n","protected":false},"author":13,"featured_media":0,"parent":0,"menu_order":0,"comment_status":"closed","ping_status":"closed","template":"","meta":{"_acf_changed":false,"footnotes":""},"class_list":["post-3709","page","type-page","status-publish","hentry"],"acf":[],"_links":{"self":[{"href":"https:\/\/domaineatlasia.com\/en\/wp-json\/wp\/v2\/pages\/3709","targetHints":{"allow":["GET"]}}],"collection":[{"href":"https:\/\/domaineatlasia.com\/en\/wp-json\/wp\/v2\/pages"}],"about":[{"href":"https:\/\/domaineatlasia.com\/en\/wp-json\/wp\/v2\/types\/page"}],"author":[{"embeddable":true,"href":"https:\/\/domaineatlasia.com\/en\/wp-json\/wp\/v2\/users\/13"}],"replies":[{"embeddable":true,"href":"https:\/\/domaineatlasia.com\/en\/wp-json\/wp\/v2\/comments?post=3709"}],"version-history":[{"count":3,"href":"https:\/\/domaineatlasia.com\/en\/wp-json\/wp\/v2\/pages\/3709\/revisions"}],"predecessor-version":[{"id":9838,"href":"https:\/\/domaineatlasia.com\/en\/wp-json\/wp\/v2\/pages\/3709\/revisions\/9838"}],"wp:attachment":[{"href":"https:\/\/domaineatlasia.com\/en\/wp-json\/wp\/v2\/media?parent=3709"}],"curies":[{"name":"wp","href":"https:\/\/api.w.org\/{rel}","templated":true}]}}